{"id":3,"date":"2021-10-28T21:25:24","date_gmt":"2021-10-28T19:25:24","guid":{"rendered":"https:\/\/www.rwlp.be\/sosnumerique\/?page_id=3"},"modified":"2021-10-31T19:46:54","modified_gmt":"2021-10-31T18:46:54","slug":"politique-de-confidentialite","status":"publish","type":"page","link":"https:\/\/www.rwlp.be\/sosnumerique\/politique-de-confidentialite\/","title":{"rendered":"Informations l\u00e9gales"},"content":{"rendered":"\n<h2 class=\"wp-block-heading\">Qui sommes-nous&nbsp;?<\/h2>\n\n\n\n<p>L\u2019adresse de notre site est&nbsp;: https:\/\/www.rwlp.be\/sosnumerique.<\/p>\n\n\n\n<p>Ce site est cr\u00e9\u00e9 avec le soutien de la F\u00e9d\u00e9ration Wallonie Bruxelles (FWB).<\/p>\n\n\n\n<p>Il est g\u00e9r\u00e9 par le R\u00e9seau Wallon de Lutte contre la Pauvret\u00e9 (RWLP).<\/p>\n\n\n\n<p>Il vise \u00e0 fournir un lieu de ressources partag\u00e9es pour toute personne rencontrant des soucis avec le quotidien num\u00e9rique. <\/p>\n\n\n\n<p>Qu&rsquo;il s&rsquo;agisse de bonnes adresses, de personnes ressources, ou de ressources existant librement sur le net. <\/p>\n\n\n\n<h2 class=\"wp-block-heading\">Contenu embarqu\u00e9 depuis d\u2019autres sites<\/h2>\n\n\n\n<p>Les articles de ce site peuvent inclure des contenus qui viennent d&rsquo;autres sites, comme les vid\u00e9os Youtube. Nous ne collectons pas de cookies, et les vid\u00e9os sont d\u00e9finies pour ne pas \u00eatre trac\u00e9es (no-cookies), mais ces sites pourraient collecter des donn\u00e9es sur vous si vous disposez d\u2019un compte connect\u00e9 sur leur site web.<\/p>\n\n\n\n<h2 class=\"wp-block-heading\">Transmission de vos donn\u00e9es<\/h2>\n\n\n\n<p><strong class=\"privacy-policy-tutorial\"><\/strong>Si vous nous contactez, les informations que vous nous fournirez serviront \u00e0 r\u00e9pondre \u00e0 votre demande et ne seront pas utilis\u00e9es dans un autre contexte.<\/p>\n\n\n\n<h2 class=\"wp-block-heading\">Cr\u00e9dits<\/h2>\n\n\n\n<div class=\"wp-block-media-text alignwide is-stacked-on-mobile\" style=\"grid-template-columns:22% auto\"><figure class=\"wp-block-media-text__media\"><img fetchpriority=\"high\" decoding=\"async\" width=\"500\" height=\"364\" src=\"https:\/\/www.rwlp.be\/sosnumerique\/wp-content\/uploads\/2021\/10\/CatSite.png\" alt=\"\" class=\"wp-image-335 size-full\" srcset=\"https:\/\/www.rwlp.be\/sosnumerique\/wp-content\/uploads\/2021\/10\/CatSite.png 500w, https:\/\/www.rwlp.be\/sosnumerique\/wp-content\/uploads\/2021\/10\/CatSite-300x218.png 300w\" sizes=\"(max-width: 500px) 100vw, 500px\" \/><\/figure><div class=\"wp-block-media-text__content\">\n<div class=\"wp-block-group\"><div class=\"wp-block-group__inner-container is-layout-flow wp-block-group-is-layout-flow\">\n<div class=\"wp-block-columns is-layout-flex wp-container-core-columns-is-layout-9d6595d7 wp-block-columns-is-layout-flex\">\n<div class=\"wp-block-column is-layout-flow wp-block-column-is-layout-flow\" style=\"flex-basis:100%\">\n<div class=\"wp-block-group\"><div class=\"wp-block-group__inner-container is-layout-flow wp-block-group-is-layout-flow\">\n<p><em>Cr\u00e9dit illustrations des cat\u00e9gories : Sophie de Patoul<\/em><\/p>\n\n\n\n<p>Toutes les vid\u00e9os et documents sont cr\u00e9dit\u00e9s par leurs liens r\u00e9els vers les sites de leurs cr\u00e9ateurs.<\/p>\n<\/div><\/div>\n<\/div>\n<\/div>\n<\/div><\/div>\n<\/div><\/div>\n\n\n\n<p><\/p>\n","protected":false},"excerpt":{"rendered":"<p>Qui sommes-nous&nbsp;? L\u2019adresse de notre site est&nbsp;: https:\/\/www.rwlp.be\/sosnumerique. Ce site est cr\u00e9\u00e9 avec le soutien de la F\u00e9d\u00e9ration Wallonie Bruxelles (FWB). Il est g\u00e9r\u00e9 par le R\u00e9seau Wallon de Lutte contre la Pauvret\u00e9 (RWLP). Il vise \u00e0 fournir un lieu de ressources partag\u00e9es pour toute personne rencontrant des soucis avec le quotidien num\u00e9rique. Qu&rsquo;il s&rsquo;agisse &hellip; <a href=\"https:\/\/www.rwlp.be\/sosnumerique\/politique-de-confidentialite\/\" class=\"more-link\">Continuer la lecture de <span class=\"screen-reader-text\">Informations l\u00e9gales<\/span><\/a><\/p>\n","protected":false},"author":1,"featured_media":0,"parent":0,"menu_order":0,"comment_status":"closed","ping_status":"open","template":"","meta":{"footnotes":""},"class_list":["post-3","page","type-page","status-publish","hentry"],"_links":{"self":[{"href":"https:\/\/www.rwlp.be\/sosnumerique\/wp-json\/wp\/v2\/pages\/3","targetHints":{"allow":["GET"]}}],"collection":[{"href":"https:\/\/www.rwlp.be\/sosnumerique\/wp-json\/wp\/v2\/pages"}],"about":[{"href":"https:\/\/www.rwlp.be\/sosnumerique\/wp-json\/wp\/v2\/types\/page"}],"author":[{"embeddable":true,"href":"https:\/\/www.rwlp.be\/sosnumerique\/wp-json\/wp\/v2\/users\/1"}],"replies":[{"embeddable":true,"href":"https:\/\/www.rwlp.be\/sosnumerique\/wp-json\/wp\/v2\/comments?post=3"}],"version-history":[{"count":5,"href":"https:\/\/www.rwlp.be\/sosnumerique\/wp-json\/wp\/v2\/pages\/3\/revisions"}],"predecessor-version":[{"id":595,"href":"https:\/\/www.rwlp.be\/sosnumerique\/wp-json\/wp\/v2\/pages\/3\/revisions\/595"}],"wp:attachment":[{"href":"https:\/\/www.rwlp.be\/sosnumerique\/wp-json\/wp\/v2\/media?parent=3"}],"curies":[{"name":"wp","href":"https:\/\/api.w.org\/{rel}","templated":true}]}}