{"id":415,"date":"2021-10-31T15:18:57","date_gmt":"2021-10-31T14:18:57","guid":{"rendered":"https:\/\/www.rwlp.be\/sosnumerique\/?page_id=415"},"modified":"2021-11-05T13:11:52","modified_gmt":"2021-11-05T12:11:52","slug":"comment-rejoindre-une-visioconference-avec-un-lien-que-je-recois-sur-mon-e-mail","status":"publish","type":"page","link":"https:\/\/www.rwlp.be\/sosnumerique\/comment-rejoindre-une-visioconference-avec-un-lien-que-je-recois-sur-mon-e-mail\/","title":{"rendered":"Comment rejoindre une visioconf\u00e9rence avec un lien que je re\u00e7ois sur mon e-mail?"},"content":{"rendered":"\t\t<div data-elementor-type=\"wp-page\" data-elementor-id=\"415\" class=\"elementor elementor-415\">\n\t\t\t\t\t\t<section class=\"elementor-section elementor-top-section elementor-element elementor-element-5e4ae773 elementor-hidden-tablet elementor-hidden-mobile elementor-section-boxed elementor-section-height-default elementor-section-height-default\" data-id=\"5e4ae773\" data-element_type=\"section\" data-e-type=\"section\">\n\t\t\t\t\t\t<div class=\"elementor-container elementor-column-gap-default\">\n\t\t\t\t\t<div class=\"elementor-column elementor-col-50 elementor-top-column elementor-element elementor-element-451bbc52\" data-id=\"451bbc52\" data-element_type=\"column\" data-e-type=\"column\">\n\t\t\t<div class=\"elementor-widget-wrap elementor-element-populated\">\n\t\t\t\t\t\t<div class=\"elementor-element elementor-element-4f334a03 elementor-widget elementor-widget-image\" data-id=\"4f334a03\" data-element_type=\"widget\" data-e-type=\"widget\" data-widget_type=\"image.default\">\n\t\t\t\t<div class=\"elementor-widget-container\">\n\t\t\t\t\t\t\t\t\t\t\t\t\t\t\t<img fetchpriority=\"high\" decoding=\"async\" width=\"500\" height=\"500\" src=\"https:\/\/www.rwlp.be\/sosnumerique\/wp-content\/uploads\/2021\/11\/SOSnum_visio.png\" class=\"attachment-large size-large wp-image-644\" alt=\"\" srcset=\"https:\/\/www.rwlp.be\/sosnumerique\/wp-content\/uploads\/2021\/11\/SOSnum_visio.png 500w, https:\/\/www.rwlp.be\/sosnumerique\/wp-content\/uploads\/2021\/11\/SOSnum_visio-300x300.png 300w, https:\/\/www.rwlp.be\/sosnumerique\/wp-content\/uploads\/2021\/11\/SOSnum_visio-150x150.png 150w\" sizes=\"(max-width: 500px) 100vw, 500px\" \/>\t\t\t\t\t\t\t\t\t\t\t\t\t\t\t<\/div>\n\t\t\t\t<\/div>\n\t\t\t\t\t<\/div>\n\t\t<\/div>\n\t\t\t\t<div class=\"elementor-column elementor-col-50 elementor-top-column elementor-element elementor-element-c6c0541\" data-id=\"c6c0541\" data-element_type=\"column\" data-e-type=\"column\">\n\t\t\t<div class=\"elementor-widget-wrap elementor-element-populated\">\n\t\t\t\t\t\t<div class=\"elementor-element elementor-element-53807132 elementor-widget elementor-widget-heading\" data-id=\"53807132\" data-element_type=\"widget\" data-e-type=\"widget\" data-widget_type=\"heading.default\">\n\t\t\t\t<div class=\"elementor-widget-container\">\n\t\t\t\t\t<h1 class=\"elementor-heading-title elementor-size-xl\">Comment rejoindre une visioconf\u00e9rence avec un lien que je re\u00e7ois sur mon e-mail?<\/h1>\t\t\t\t<\/div>\n\t\t\t\t<\/div>\n\t\t\t\t\t<\/div>\n\t\t<\/div>\n\t\t\t\t\t<\/div>\n\t\t<\/section>\n\t\t\t\t<section class=\"elementor-section elementor-top-section elementor-element elementor-element-2f3b13f9 elementor-section-boxed elementor-section-height-default elementor-section-height-default\" data-id=\"2f3b13f9\" data-element_type=\"section\" data-e-type=\"section\">\n\t\t\t\t\t\t<div class=\"elementor-container elementor-column-gap-default\">\n\t\t\t\t\t<div class=\"elementor-column elementor-col-100 elementor-top-column elementor-element elementor-element-6334e44b\" data-id=\"6334e44b\" data-element_type=\"column\" data-e-type=\"column\">\n\t\t\t<div class=\"elementor-widget-wrap elementor-element-populated\">\n\t\t\t\t\t\t<div class=\"elementor-element elementor-element-33ecccfa elementor-hidden-desktop elementor-position-top elementor-widget elementor-widget-image-box\" data-id=\"33ecccfa\" data-element_type=\"widget\" data-e-type=\"widget\" data-widget_type=\"image-box.default\">\n\t\t\t\t<div class=\"elementor-widget-container\">\n\t\t\t\t\t<div class=\"elementor-image-box-wrapper\"><figure class=\"elementor-image-box-img\"><img decoding=\"async\" src=\"https:\/\/www.rwlp.be\/sosnumerique\/wp-content\/uploads\/elementor\/thumbs\/SOSnum_visio-r0c71tpscprq5ed4bkvkd69qkvxu2diisxd4e33n1w.png\" title=\"SOSnum_visio\" alt=\"SOSnum_visio\" loading=\"lazy\" \/><\/figure><div class=\"elementor-image-box-content\"><h3 class=\"elementor-image-box-title\">Comment rejoindre une visioconf\u00e9rence avec un lien que je re\u00e7ois sur mon e-mail?<\/h3><\/div><\/div>\t\t\t\t<\/div>\n\t\t\t\t<\/div>\n\t\t\t\t\t<\/div>\n\t\t<\/div>\n\t\t\t\t\t<\/div>\n\t\t<\/section>\n\t\t\t\t<section class=\"elementor-section elementor-top-section elementor-element elementor-element-7fe88e5c elementor-section-boxed elementor-section-height-default elementor-section-height-default\" data-id=\"7fe88e5c\" data-element_type=\"section\" data-e-type=\"section\">\n\t\t\t\t\t\t<div class=\"elementor-container elementor-column-gap-default\">\n\t\t\t\t\t<div class=\"elementor-column elementor-col-100 elementor-top-column elementor-element elementor-element-aea3269\" data-id=\"aea3269\" data-element_type=\"column\" data-e-type=\"column\">\n\t\t\t<div class=\"elementor-widget-wrap\">\n\t\t\t\t\t\t\t<\/div>\n\t\t<\/div>\n\t\t\t\t\t<\/div>\n\t\t<\/section>\n\t\t\t\t<section class=\"elementor-section elementor-top-section elementor-element elementor-element-95ae029 elementor-section-height-min-height elementor-section-boxed elementor-section-height-default elementor-section-items-middle\" data-id=\"95ae029\" data-element_type=\"section\" data-e-type=\"section\">\n\t\t\t\t\t\t<div class=\"elementor-container elementor-column-gap-default\">\n\t\t\t\t\t<div class=\"elementor-column elementor-col-100 elementor-top-column elementor-element elementor-element-3e16568d\" data-id=\"3e16568d\" data-element_type=\"column\" data-e-type=\"column\">\n\t\t\t<div class=\"elementor-widget-wrap elementor-element-populated\">\n\t\t\t\t\t\t<div class=\"elementor-element elementor-element-780799aa elementor-grid-eael-col-4 elementor-grid-tablet-eael-col-2 elementor-grid-mobile-eael-col-1 elementor-widget elementor-widget-eael-post-grid\" data-id=\"780799aa\" data-element_type=\"widget\" data-e-type=\"widget\" data-settings=\"{&quot;eael_post_grid_columns&quot;:&quot;eael-col-4&quot;,&quot;eael_post_grid_columns_tablet&quot;:&quot;eael-col-2&quot;,&quot;eael_post_grid_columns_mobile&quot;:&quot;eael-col-1&quot;}\" data-widget_type=\"eael-post-grid.default\">\n\t\t\t\t<div class=\"elementor-widget-container\">\n\t\t\t\t\t<div id=\"eael-post-grid-780799aa\" class=\"eael-post-grid-container\">\n            <div class=\"eael-post-grid eael-post-appender eael-post-appender-780799aa eael-post-grid-style-one\" data-layout-mode=\"masonry\"><article class=\"eael-grid-post  eael-post-grid-column eael-pg-post-136 category-visio tags-communiquer-parametres-teams-visioconference-zoom\" data-id=\"136\">\n        <div class=\"eael-grid-post-holder\">\n            <div class=\"eael-grid-post-holder-inner\"><div class=\"eael-entry-wrapper\"><header class=\"eael-entry-header\"><h2 class=\"eael-entry-title\"><a class=\"eael-grid-post-link\" href=\"https:\/\/www.rwlp.be\/sosnumerique\/visio\/136\/\" title=\"J&rsquo;ai des soucis avec la r\u00e9union en ligne, j\u2019entends mais je ne vois rien, je souhaite comprendre\">J&rsquo;ai des soucis avec la r\u00e9union en ligne, j\u2019entends mais je ne vois rien, je souhaite comprendre<\/a><\/h2><\/header><div class=\"eael-entry-content\">\n                        <div class=\"eael-grid-post-excerpt\"><a href=\"https:\/\/www.rwlp.be\/sosnumerique\/visio\/136\/\" class=\"eael-post-elements-readmore-btn\">Lire la ressource<\/a><\/div>\n                    <\/div><div class=\"eael-entry-footer\"><div class=\"eael-author-avatar\"><a href=\"https:\/\/www.rwlp.be\/sosnumerique\/author\/rwlp2021\/\"><\/a><\/div><div class=\"eael-entry-meta\"><\/div><\/div><\/div><\/div>\n        <\/div>\n    <\/article><article class=\"eael-grid-post  eael-post-grid-column eael-pg-post-133 category-visio\" data-id=\"133\">\n        <div class=\"eael-grid-post-holder\">\n            <div class=\"eael-grid-post-holder-inner\"><div class=\"eael-entry-wrapper\"><header class=\"eael-entry-header\"><h2 class=\"eael-entry-title\"><a class=\"eael-grid-post-link\" href=\"https:\/\/www.rwlp.be\/sosnumerique\/visio\/133\/\" title=\"Je souhaite conna\u00eetre les d\u00e9marches pour rejoindre une visioconf\u00e9rence (Zoom ou Teams)\">Je souhaite conna\u00eetre les d\u00e9marches pour rejoindre une visioconf\u00e9rence (Zoom ou Teams)<\/a><\/h2><\/header><div class=\"eael-entry-content\">\n                        <div class=\"eael-grid-post-excerpt\"><a href=\"https:\/\/www.rwlp.be\/sosnumerique\/visio\/133\/\" class=\"eael-post-elements-readmore-btn\">Lire la ressource<\/a><\/div>\n                    <\/div><div class=\"eael-entry-footer\"><div class=\"eael-author-avatar\"><a href=\"https:\/\/www.rwlp.be\/sosnumerique\/author\/rwlp2021\/\"><\/a><\/div><div class=\"eael-entry-meta\"><\/div><\/div><\/div><\/div>\n        <\/div>\n    <\/article><\/div>\n            <div class=\"clearfix\"><\/div>\n        <\/div>\t\t\t\t<\/div>\n\t\t\t\t<\/div>\n\t\t\t\t<div class=\"elementor-element elementor-element-5d105756 elementor-widget elementor-widget-spacer\" data-id=\"5d105756\" data-element_type=\"widget\" data-e-type=\"widget\" data-widget_type=\"spacer.default\">\n\t\t\t\t<div class=\"elementor-widget-container\">\n\t\t\t\t\t\t\t<div class=\"elementor-spacer\">\n\t\t\t<div class=\"elementor-spacer-inner\"><\/div>\n\t\t<\/div>\n\t\t\t\t\t\t<\/div>\n\t\t\t\t<\/div>\n\t\t\t\t\t<\/div>\n\t\t<\/div>\n\t\t\t\t\t<\/div>\n\t\t<\/section>\n\t\t\t\t<\/div>\n\t\t","protected":false},"excerpt":{"rendered":"<p>Comment rejoindre une visioconf\u00e9rence avec un lien que je re\u00e7ois sur mon e-mail? Comment rejoindre une visioconf\u00e9rence avec un lien que je re\u00e7ois sur mon e-mail? En construction! Lire la ressource<\/p>\n","protected":false},"author":1,"featured_media":0,"parent":0,"menu_order":0,"comment_status":"closed","ping_status":"closed","template":"elementor_header_footer","meta":{"footnotes":""},"class_list":["post-415","page","type-page","status-publish","hentry"],"_links":{"self":[{"href":"https:\/\/www.rwlp.be\/sosnumerique\/wp-json\/wp\/v2\/pages\/415","targetHints":{"allow":["GET"]}}],"collection":[{"href":"https:\/\/www.rwlp.be\/sosnumerique\/wp-json\/wp\/v2\/pages"}],"about":[{"href":"https:\/\/www.rwlp.be\/sosnumerique\/wp-json\/wp\/v2\/types\/page"}],"author":[{"embeddable":true,"href":"https:\/\/www.rwlp.be\/sosnumerique\/wp-json\/wp\/v2\/users\/1"}],"replies":[{"embeddable":true,"href":"https:\/\/www.rwlp.be\/sosnumerique\/wp-json\/wp\/v2\/comments?post=415"}],"version-history":[{"count":10,"href":"https:\/\/www.rwlp.be\/sosnumerique\/wp-json\/wp\/v2\/pages\/415\/revisions"}],"predecessor-version":[{"id":669,"href":"https:\/\/www.rwlp.be\/sosnumerique\/wp-json\/wp\/v2\/pages\/415\/revisions\/669"}],"wp:attachment":[{"href":"https:\/\/www.rwlp.be\/sosnumerique\/wp-json\/wp\/v2\/media?parent=415"}],"curies":[{"name":"wp","href":"https:\/\/api.w.org\/{rel}","templated":true}]}}