{"id":513,"date":"2021-10-31T16:10:29","date_gmt":"2021-10-31T15:10:29","guid":{"rendered":"https:\/\/www.rwlp.be\/sosnumerique\/?page_id=513"},"modified":"2021-10-31T19:51:52","modified_gmt":"2021-10-31T18:51:52","slug":"comment-telecharger-ou-envoyer-document-image-application","status":"publish","type":"page","link":"https:\/\/www.rwlp.be\/sosnumerique\/comment-telecharger-ou-envoyer-document-image-application\/","title":{"rendered":"Comment t\u00e9l\u00e9charger ou envoyer (document, image, application) ?"},"content":{"rendered":"\t\t<div data-elementor-type=\"wp-page\" data-elementor-id=\"513\" class=\"elementor elementor-513\">\n\t\t\t\t\t\t<section class=\"elementor-section elementor-top-section elementor-element elementor-element-3bcfebea elementor-hidden-tablet elementor-hidden-mobile elementor-section-boxed elementor-section-height-default elementor-section-height-default\" data-id=\"3bcfebea\" data-element_type=\"section\" data-e-type=\"section\">\n\t\t\t\t\t\t<div class=\"elementor-container elementor-column-gap-default\">\n\t\t\t\t\t<div class=\"elementor-column elementor-col-50 elementor-top-column elementor-element elementor-element-4ed3ac6\" data-id=\"4ed3ac6\" data-element_type=\"column\" data-e-type=\"column\">\n\t\t\t<div class=\"elementor-widget-wrap elementor-element-populated\">\n\t\t\t\t\t\t<div class=\"elementor-element elementor-element-63aba962 elementor-widget elementor-widget-image\" data-id=\"63aba962\" data-element_type=\"widget\" data-e-type=\"widget\" data-widget_type=\"image.default\">\n\t\t\t\t<div class=\"elementor-widget-container\">\n\t\t\t\t\t\t\t\t\t\t\t\t\t\t\t<img fetchpriority=\"high\" decoding=\"async\" width=\"600\" height=\"389\" src=\"https:\/\/www.rwlp.be\/sosnumerique\/wp-content\/uploads\/2021\/10\/CatA2.png\" class=\"attachment-medium_large size-medium_large wp-image-417\" alt=\"\" srcset=\"https:\/\/www.rwlp.be\/sosnumerique\/wp-content\/uploads\/2021\/10\/CatA2.png 600w, https:\/\/www.rwlp.be\/sosnumerique\/wp-content\/uploads\/2021\/10\/CatA2-300x195.png 300w\" sizes=\"(max-width: 600px) 100vw, 600px\" \/>\t\t\t\t\t\t\t\t\t\t\t\t\t\t\t<\/div>\n\t\t\t\t<\/div>\n\t\t\t\t\t<\/div>\n\t\t<\/div>\n\t\t\t\t<div class=\"elementor-column elementor-col-50 elementor-top-column elementor-element elementor-element-5ada0f9d\" data-id=\"5ada0f9d\" data-element_type=\"column\" data-e-type=\"column\">\n\t\t\t<div class=\"elementor-widget-wrap elementor-element-populated\">\n\t\t\t\t\t\t<div class=\"elementor-element elementor-element-1546c446 elementor-widget elementor-widget-heading\" data-id=\"1546c446\" data-element_type=\"widget\" data-e-type=\"widget\" data-widget_type=\"heading.default\">\n\t\t\t\t<div class=\"elementor-widget-container\">\n\t\t\t\t\t<h1 class=\"elementor-heading-title elementor-size-xl\">Comment t\u00e9l\u00e9charger ou envoyer (document, image, application) ?<\/h1>\t\t\t\t<\/div>\n\t\t\t\t<\/div>\n\t\t\t\t\t<\/div>\n\t\t<\/div>\n\t\t\t\t\t<\/div>\n\t\t<\/section>\n\t\t\t\t<section class=\"elementor-section elementor-top-section elementor-element elementor-element-153bab4e elementor-section-boxed elementor-section-height-default elementor-section-height-default\" data-id=\"153bab4e\" data-element_type=\"section\" data-e-type=\"section\">\n\t\t\t\t\t\t<div class=\"elementor-container elementor-column-gap-default\">\n\t\t\t\t\t<div class=\"elementor-column elementor-col-100 elementor-top-column elementor-element elementor-element-4dbb1f47\" data-id=\"4dbb1f47\" data-element_type=\"column\" data-e-type=\"column\">\n\t\t\t<div class=\"elementor-widget-wrap elementor-element-populated\">\n\t\t\t\t\t\t<div class=\"elementor-element elementor-element-39786425 elementor-hidden-desktop elementor-position-top elementor-widget elementor-widget-image-box\" data-id=\"39786425\" data-element_type=\"widget\" data-e-type=\"widget\" data-widget_type=\"image-box.default\">\n\t\t\t\t<div class=\"elementor-widget-container\">\n\t\t\t\t\t<div class=\"elementor-image-box-wrapper\"><figure class=\"elementor-image-box-img\"><img decoding=\"async\" src=\"https:\/\/www.rwlp.be\/sosnumerique\/wp-content\/uploads\/elementor\/thumbs\/CatA2-r0c70tzx50etw7t045fqqfa808tvxvkq00ko5kklhc.png\" title=\"CatA2\" alt=\"CatA2\" loading=\"lazy\" \/><\/figure><div class=\"elementor-image-box-content\"><h3 class=\"elementor-image-box-title\">Comment t\u00e9l\u00e9charger ou envoyer (document, image, application) ?<\/h3><\/div><\/div>\t\t\t\t<\/div>\n\t\t\t\t<\/div>\n\t\t\t\t\t<\/div>\n\t\t<\/div>\n\t\t\t\t\t<\/div>\n\t\t<\/section>\n\t\t\t\t<section class=\"elementor-section elementor-top-section elementor-element elementor-element-39e7e634 elementor-section-boxed elementor-section-height-default elementor-section-height-default\" data-id=\"39e7e634\" data-element_type=\"section\" data-e-type=\"section\">\n\t\t\t\t\t\t<div class=\"elementor-container elementor-column-gap-default\">\n\t\t\t\t\t<div class=\"elementor-column elementor-col-100 elementor-top-column elementor-element elementor-element-15262964\" data-id=\"15262964\" data-element_type=\"column\" data-e-type=\"column\">\n\t\t\t<div class=\"elementor-widget-wrap\">\n\t\t\t\t\t\t\t<\/div>\n\t\t<\/div>\n\t\t\t\t\t<\/div>\n\t\t<\/section>\n\t\t\t\t<section class=\"elementor-section elementor-top-section elementor-element elementor-element-7e3870d1 elementor-section-height-min-height elementor-section-boxed elementor-section-height-default elementor-section-items-middle\" data-id=\"7e3870d1\" data-element_type=\"section\" data-e-type=\"section\">\n\t\t\t\t\t\t<div class=\"elementor-container elementor-column-gap-default\">\n\t\t\t\t\t<div class=\"elementor-column elementor-col-100 elementor-top-column elementor-element elementor-element-7014130c\" data-id=\"7014130c\" data-element_type=\"column\" data-e-type=\"column\">\n\t\t\t<div class=\"elementor-widget-wrap elementor-element-populated\">\n\t\t\t\t\t\t<div class=\"elementor-element elementor-element-26c8a552 elementor-grid-eael-col-4 elementor-grid-tablet-eael-col-2 elementor-grid-mobile-eael-col-1 elementor-widget elementor-widget-eael-post-grid\" data-id=\"26c8a552\" data-element_type=\"widget\" data-e-type=\"widget\" data-settings=\"{&quot;eael_post_grid_columns&quot;:&quot;eael-col-4&quot;,&quot;eael_post_grid_columns_tablet&quot;:&quot;eael-col-2&quot;,&quot;eael_post_grid_columns_mobile&quot;:&quot;eael-col-1&quot;}\" data-widget_type=\"eael-post-grid.default\">\n\t\t\t\t<div class=\"elementor-widget-container\">\n\t\t\t\t\t<div id=\"eael-post-grid-26c8a552\" class=\"eael-post-grid-container\">\n            <div class=\"eael-post-grid eael-post-appender eael-post-appender-26c8a552 eael-post-grid-style-one\" data-layout-mode=\"masonry\"><article class=\"eael-grid-post  eael-post-grid-column eael-pg-post-821 category-sy-retrouver-telecharger-envoyer-imprimer tags-extension-fichier-format-type-de-documents\" data-id=\"821\">\n        <div class=\"eael-grid-post-holder\">\n            <div class=\"eael-grid-post-holder-inner\"><div class=\"eael-entry-wrapper\"><header class=\"eael-entry-header\"><h2 class=\"eael-entry-title\"><a class=\"eael-grid-post-link\" href=\"https:\/\/www.rwlp.be\/sosnumerique\/telecharger-envoyer\/821\/\" title=\"Je souhaite en savoir plus sur les documents que je peux trouver en ligne et comment les lire\">Je souhaite en savoir plus sur les documents que je peux trouver en ligne et comment les lire<\/a><\/h2><\/header><div class=\"eael-entry-content\">\n                        <div class=\"eael-grid-post-excerpt\"><a href=\"https:\/\/www.rwlp.be\/sosnumerique\/telecharger-envoyer\/821\/\" class=\"eael-post-elements-readmore-btn\">Lire la ressource<\/a><\/div>\n                    <\/div><div class=\"eael-entry-footer\"><div class=\"eael-author-avatar\"><a href=\"https:\/\/www.rwlp.be\/sosnumerique\/author\/rwlp2021\/\"><\/a><\/div><div class=\"eael-entry-meta\"><\/div><\/div><\/div><\/div>\n        <\/div>\n    <\/article><article class=\"eael-grid-post  eael-post-grid-column eael-pg-post-102 category-telecharger-envoyer\" data-id=\"102\">\n        <div class=\"eael-grid-post-holder\">\n            <div class=\"eael-grid-post-holder-inner\"><div class=\"eael-entry-wrapper\"><header class=\"eael-entry-header\"><h2 class=\"eael-entry-title\"><a class=\"eael-grid-post-link\" href=\"https:\/\/www.rwlp.be\/sosnumerique\/telecharger-envoyer\/102\/\" title=\"Je veux comprendre la diff\u00e9rence entre un fichier et un dossier\">Je veux comprendre la diff\u00e9rence entre un fichier et un dossier<\/a><\/h2><\/header><div class=\"eael-entry-content\">\n                        <div class=\"eael-grid-post-excerpt\"><a href=\"https:\/\/www.rwlp.be\/sosnumerique\/telecharger-envoyer\/102\/\" class=\"eael-post-elements-readmore-btn\">Lire la ressource<\/a><\/div>\n                    <\/div><div class=\"eael-entry-footer\"><div class=\"eael-author-avatar\"><a href=\"https:\/\/www.rwlp.be\/sosnumerique\/author\/rwlp2021\/\"><\/a><\/div><div class=\"eael-entry-meta\"><\/div><\/div><\/div><\/div>\n        <\/div>\n    <\/article><article class=\"eael-grid-post  eael-post-grid-column eael-pg-post-100 category-telecharger-envoyer\" data-id=\"100\">\n        <div class=\"eael-grid-post-holder\">\n            <div class=\"eael-grid-post-holder-inner\"><div class=\"eael-entry-wrapper\"><header class=\"eael-entry-header\"><h2 class=\"eael-entry-title\"><a class=\"eael-grid-post-link\" href=\"https:\/\/www.rwlp.be\/sosnumerique\/telecharger-envoyer\/100\/\" title=\"Je veux savoir comment ins\u00e9rer une pi\u00e8ce jointe dans Messenger ou Whatsapp\">Je veux savoir comment ins\u00e9rer une pi\u00e8ce jointe dans Messenger ou Whatsapp<\/a><\/h2><\/header><div class=\"eael-entry-content\">\n                        <div class=\"eael-grid-post-excerpt\"><a href=\"https:\/\/www.rwlp.be\/sosnumerique\/telecharger-envoyer\/100\/\" class=\"eael-post-elements-readmore-btn\">Lire la ressource<\/a><\/div>\n                    <\/div><div class=\"eael-entry-footer\"><div class=\"eael-author-avatar\"><a href=\"https:\/\/www.rwlp.be\/sosnumerique\/author\/rwlp2021\/\"><\/a><\/div><div class=\"eael-entry-meta\"><\/div><\/div><\/div><\/div>\n        <\/div>\n    <\/article><article class=\"eael-grid-post  eael-post-grid-column eael-pg-post-98 category-telecharger-envoyer\" data-id=\"98\">\n        <div class=\"eael-grid-post-holder\">\n            <div class=\"eael-grid-post-holder-inner\"><div class=\"eael-entry-wrapper\"><header class=\"eael-entry-header\"><h2 class=\"eael-entry-title\"><a class=\"eael-grid-post-link\" href=\"https:\/\/www.rwlp.be\/sosnumerique\/telecharger-envoyer\/98\/\" title=\"Je veux ins\u00e9rer une pi\u00e8ce jointe dans un e-mail\">Je veux ins\u00e9rer une pi\u00e8ce jointe dans un e-mail<\/a><\/h2><\/header><div class=\"eael-entry-content\">\n                        <div class=\"eael-grid-post-excerpt\"><a href=\"https:\/\/www.rwlp.be\/sosnumerique\/telecharger-envoyer\/98\/\" class=\"eael-post-elements-readmore-btn\">Lire la ressource<\/a><\/div>\n                    <\/div><div class=\"eael-entry-footer\"><div class=\"eael-author-avatar\"><a href=\"https:\/\/www.rwlp.be\/sosnumerique\/author\/rwlp2021\/\"><\/a><\/div><div class=\"eael-entry-meta\"><\/div><\/div><\/div><\/div>\n        <\/div>\n    <\/article><article class=\"eael-grid-post  eael-post-grid-column eael-pg-post-94 category-telecharger-envoyer\" data-id=\"94\">\n        <div class=\"eael-grid-post-holder\">\n            <div class=\"eael-grid-post-holder-inner\"><div class=\"eael-entry-wrapper\"><header class=\"eael-entry-header\"><h2 class=\"eael-entry-title\"><a class=\"eael-grid-post-link\" href=\"https:\/\/www.rwlp.be\/sosnumerique\/telecharger-envoyer\/94\/\" title=\"Je veux savoir comment r\u00e9aliser une capture d\u2019\u00e9cran\">Je veux savoir comment r\u00e9aliser une capture d\u2019\u00e9cran<\/a><\/h2><\/header><div class=\"eael-entry-content\">\n                        <div class=\"eael-grid-post-excerpt\"><a href=\"https:\/\/www.rwlp.be\/sosnumerique\/telecharger-envoyer\/94\/\" class=\"eael-post-elements-readmore-btn\">Lire la ressource<\/a><\/div>\n                    <\/div><div class=\"eael-entry-footer\"><div class=\"eael-author-avatar\"><a href=\"https:\/\/www.rwlp.be\/sosnumerique\/author\/rwlp2021\/\"><\/a><\/div><div class=\"eael-entry-meta\"><\/div><\/div><\/div><\/div>\n        <\/div>\n    <\/article><article class=\"eael-grid-post  eael-post-grid-column eael-pg-post-87 category-telecharger-envoyer\" data-id=\"87\">\n        <div class=\"eael-grid-post-holder\">\n            <div class=\"eael-grid-post-holder-inner\"><div class=\"eael-entry-wrapper\"><header class=\"eael-entry-header\"><h2 class=\"eael-entry-title\"><a class=\"eael-grid-post-link\" href=\"https:\/\/www.rwlp.be\/sosnumerique\/telecharger-envoyer\/87\/\" title=\"Je veux savoir comment t\u00e9l\u00e9charger un fichier (image, vid\u00e9os, pdf, pages Web) depuis Internet\">Je veux savoir comment t\u00e9l\u00e9charger un fichier (image, vid\u00e9os, pdf, pages Web) depuis Internet<\/a><\/h2><\/header><div class=\"eael-entry-content\">\n                        <div class=\"eael-grid-post-excerpt\"><a href=\"https:\/\/www.rwlp.be\/sosnumerique\/telecharger-envoyer\/87\/\" class=\"eael-post-elements-readmore-btn\">Lire la ressource<\/a><\/div>\n                    <\/div><div class=\"eael-entry-footer\"><div class=\"eael-author-avatar\"><a href=\"https:\/\/www.rwlp.be\/sosnumerique\/author\/rwlp2021\/\"><\/a><\/div><div class=\"eael-entry-meta\"><\/div><\/div><\/div><\/div>\n        <\/div>\n    <\/article><article class=\"eael-grid-post  eael-post-grid-column eael-pg-post-85 category-telecharger-envoyer\" data-id=\"85\">\n        <div class=\"eael-grid-post-holder\">\n            <div class=\"eael-grid-post-holder-inner\"><div class=\"eael-entry-wrapper\"><header class=\"eael-entry-header\"><h2 class=\"eael-entry-title\"><a class=\"eael-grid-post-link\" href=\"https:\/\/www.rwlp.be\/sosnumerique\/telecharger-envoyer\/85\/\" title=\"Je veux des conseils pour organiser les pi\u00e8ces jointes t\u00e9l\u00e9charg\u00e9es\">Je veux des conseils pour organiser les pi\u00e8ces jointes t\u00e9l\u00e9charg\u00e9es<\/a><\/h2><\/header><div class=\"eael-entry-content\">\n                        <div class=\"eael-grid-post-excerpt\"><a href=\"https:\/\/www.rwlp.be\/sosnumerique\/telecharger-envoyer\/85\/\" class=\"eael-post-elements-readmore-btn\">Lire la ressource<\/a><\/div>\n                    <\/div><div class=\"eael-entry-footer\"><div class=\"eael-author-avatar\"><a href=\"https:\/\/www.rwlp.be\/sosnumerique\/author\/rwlp2021\/\"><\/a><\/div><div class=\"eael-entry-meta\"><\/div><\/div><\/div><\/div>\n        <\/div>\n    <\/article><article class=\"eael-grid-post  eael-post-grid-column eael-pg-post-26 category-telecharger-envoyer\" data-id=\"26\">\n        <div class=\"eael-grid-post-holder\">\n            <div class=\"eael-grid-post-holder-inner\"><div class=\"eael-entry-wrapper\"><header class=\"eael-entry-header\"><h2 class=\"eael-entry-title\"><a class=\"eael-grid-post-link\" href=\"https:\/\/www.rwlp.be\/sosnumerique\/telecharger-envoyer\/26\/\" title=\"Je souhaite t\u00e9l\u00e9charger une pi\u00e8ce jointe re\u00e7ue dans un e-mail (gmail)\">Je souhaite t\u00e9l\u00e9charger une pi\u00e8ce jointe re\u00e7ue dans un e-mail (gmail)<\/a><\/h2><\/header><div class=\"eael-entry-content\">\n                        <div class=\"eael-grid-post-excerpt\"><a href=\"https:\/\/www.rwlp.be\/sosnumerique\/telecharger-envoyer\/26\/\" class=\"eael-post-elements-readmore-btn\">Lire la ressource<\/a><\/div>\n                    <\/div><div class=\"eael-entry-footer\"><div class=\"eael-author-avatar\"><a href=\"https:\/\/www.rwlp.be\/sosnumerique\/author\/rwlp2021\/\"><\/a><\/div><div class=\"eael-entry-meta\"><\/div><\/div><\/div><\/div>\n        <\/div>\n    <\/article><\/div>\n            <div class=\"clearfix\"><\/div>\n        <\/div>\t\t\t\t<\/div>\n\t\t\t\t<\/div>\n\t\t\t\t<div class=\"elementor-element elementor-element-24667442 elementor-widget elementor-widget-spacer\" data-id=\"24667442\" data-element_type=\"widget\" data-e-type=\"widget\" data-widget_type=\"spacer.default\">\n\t\t\t\t<div class=\"elementor-widget-container\">\n\t\t\t\t\t\t\t<div class=\"elementor-spacer\">\n\t\t\t<div class=\"elementor-spacer-inner\"><\/div>\n\t\t<\/div>\n\t\t\t\t\t\t<\/div>\n\t\t\t\t<\/div>\n\t\t\t\t\t<\/div>\n\t\t<\/div>\n\t\t\t\t\t<\/div>\n\t\t<\/section>\n\t\t\t\t<\/div>\n\t\t","protected":false},"excerpt":{"rendered":"<p>Comment t\u00e9l\u00e9charger ou envoyer (document, image, application) ? Comment t\u00e9l\u00e9charger ou envoyer (document, image, application) ? Je veux installer l\u2019application Covid Safe (pass sanitaire) et m&rsquo;identifier Lire la ressource Je veux t\u00e9l\u00e9charger une application sur mon smartphone ou ma tablette Lire la ressource Je souhaite savoir comment cr\u00e9er un lien vers une page Internet ou &hellip; <a href=\"https:\/\/www.rwlp.be\/sosnumerique\/telecharger-envoyer\/26\/\" class=\"more-link\">Continuer la lecture de <span class=\"screen-reader-text\">Je souhaite t\u00e9l\u00e9charger une pi\u00e8ce jointe re\u00e7ue dans un e-mail (gmail)<\/span><\/a><\/p>\n","protected":false},"author":1,"featured_media":0,"parent":0,"menu_order":0,"comment_status":"closed","ping_status":"closed","template":"elementor_header_footer","meta":{"footnotes":""},"class_list":["post-513","page","type-page","status-publish","hentry"],"_links":{"self":[{"href":"https:\/\/www.rwlp.be\/sosnumerique\/wp-json\/wp\/v2\/pages\/513","targetHints":{"allow":["GET"]}}],"collection":[{"href":"https:\/\/www.rwlp.be\/sosnumerique\/wp-json\/wp\/v2\/pages"}],"about":[{"href":"https:\/\/www.rwlp.be\/sosnumerique\/wp-json\/wp\/v2\/types\/page"}],"author":[{"embeddable":true,"href":"https:\/\/www.rwlp.be\/sosnumerique\/wp-json\/wp\/v2\/users\/1"}],"replies":[{"embeddable":true,"href":"https:\/\/www.rwlp.be\/sosnumerique\/wp-json\/wp\/v2\/comments?post=513"}],"version-history":[{"count":7,"href":"https:\/\/www.rwlp.be\/sosnumerique\/wp-json\/wp\/v2\/pages\/513\/revisions"}],"predecessor-version":[{"id":598,"href":"https:\/\/www.rwlp.be\/sosnumerique\/wp-json\/wp\/v2\/pages\/513\/revisions\/598"}],"wp:attachment":[{"href":"https:\/\/www.rwlp.be\/sosnumerique\/wp-json\/wp\/v2\/media?parent=513"}],"curies":[{"name":"wp","href":"https:\/\/api.w.org\/{rel}","templated":true}]}}