{"id":532,"date":"2021-10-31T17:59:33","date_gmt":"2021-10-31T16:59:33","guid":{"rendered":"https:\/\/www.rwlp.be\/sosnumerique\/?page_id=532"},"modified":"2021-11-05T13:11:12","modified_gmt":"2021-11-05T12:11:12","slug":"je-dois-ecrire-un-courrier-electronique-je-commence-par-ou","status":"publish","type":"page","link":"https:\/\/www.rwlp.be\/sosnumerique\/je-dois-ecrire-un-courrier-electronique-je-commence-par-ou\/","title":{"rendered":"Je dois \u00e9crire un courrier \u00e9lectronique, je commence par o\u00f9?"},"content":{"rendered":"\t\t<div data-elementor-type=\"wp-page\" data-elementor-id=\"532\" class=\"elementor elementor-532\">\n\t\t\t\t\t\t<section class=\"elementor-section elementor-top-section elementor-element elementor-element-62707009 elementor-hidden-tablet elementor-hidden-mobile elementor-section-boxed elementor-section-height-default elementor-section-height-default\" data-id=\"62707009\" data-element_type=\"section\" data-e-type=\"section\">\n\t\t\t\t\t\t<div class=\"elementor-container elementor-column-gap-default\">\n\t\t\t\t\t<div class=\"elementor-column elementor-col-50 elementor-top-column elementor-element elementor-element-47e446c4\" data-id=\"47e446c4\" data-element_type=\"column\" data-e-type=\"column\">\n\t\t\t<div class=\"elementor-widget-wrap elementor-element-populated\">\n\t\t\t\t\t\t<div class=\"elementor-element elementor-element-5fb05b55 elementor-widget elementor-widget-image\" data-id=\"5fb05b55\" data-element_type=\"widget\" data-e-type=\"widget\" data-widget_type=\"image.default\">\n\t\t\t\t<div class=\"elementor-widget-container\">\n\t\t\t\t\t\t\t\t\t\t\t\t\t\t\t<img fetchpriority=\"high\" decoding=\"async\" width=\"500\" height=\"500\" src=\"https:\/\/www.rwlp.be\/sosnumerique\/wp-content\/uploads\/2021\/11\/SOSnum_email.png\" class=\"attachment-medium_large size-medium_large wp-image-641\" alt=\"\" srcset=\"https:\/\/www.rwlp.be\/sosnumerique\/wp-content\/uploads\/2021\/11\/SOSnum_email.png 500w, https:\/\/www.rwlp.be\/sosnumerique\/wp-content\/uploads\/2021\/11\/SOSnum_email-300x300.png 300w, https:\/\/www.rwlp.be\/sosnumerique\/wp-content\/uploads\/2021\/11\/SOSnum_email-150x150.png 150w\" sizes=\"(max-width: 500px) 100vw, 500px\" \/>\t\t\t\t\t\t\t\t\t\t\t\t\t\t\t<\/div>\n\t\t\t\t<\/div>\n\t\t\t\t\t<\/div>\n\t\t<\/div>\n\t\t\t\t<div class=\"elementor-column elementor-col-50 elementor-top-column elementor-element elementor-element-7b336f5b\" data-id=\"7b336f5b\" data-element_type=\"column\" data-e-type=\"column\">\n\t\t\t<div class=\"elementor-widget-wrap elementor-element-populated\">\n\t\t\t\t\t\t<div class=\"elementor-element elementor-element-50884bcc elementor-widget elementor-widget-heading\" data-id=\"50884bcc\" data-element_type=\"widget\" data-e-type=\"widget\" data-widget_type=\"heading.default\">\n\t\t\t\t<div class=\"elementor-widget-container\">\n\t\t\t\t\t<h1 class=\"elementor-heading-title elementor-size-xl\">Je dois \u00e9crire un courrier \u00e9lectronique, je commence par o\u00f9?<\/h1>\t\t\t\t<\/div>\n\t\t\t\t<\/div>\n\t\t\t\t\t<\/div>\n\t\t<\/div>\n\t\t\t\t\t<\/div>\n\t\t<\/section>\n\t\t\t\t<section class=\"elementor-section elementor-top-section elementor-element elementor-element-578838f8 elementor-section-boxed elementor-section-height-default elementor-section-height-default\" data-id=\"578838f8\" data-element_type=\"section\" data-e-type=\"section\">\n\t\t\t\t\t\t<div class=\"elementor-container elementor-column-gap-default\">\n\t\t\t\t\t<div class=\"elementor-column elementor-col-100 elementor-top-column elementor-element elementor-element-40c6cb7a\" data-id=\"40c6cb7a\" data-element_type=\"column\" data-e-type=\"column\">\n\t\t\t<div class=\"elementor-widget-wrap elementor-element-populated\">\n\t\t\t\t\t\t<div class=\"elementor-element elementor-element-7ff4cea4 elementor-hidden-desktop elementor-position-top elementor-widget elementor-widget-image-box\" data-id=\"7ff4cea4\" data-element_type=\"widget\" data-e-type=\"widget\" data-widget_type=\"image-box.default\">\n\t\t\t\t<div class=\"elementor-widget-container\">\n\t\t\t\t\t<div class=\"elementor-image-box-wrapper\"><figure class=\"elementor-image-box-img\"><img decoding=\"async\" src=\"https:\/\/www.rwlp.be\/sosnumerique\/wp-content\/uploads\/elementor\/thumbs\/SOSnum_email-r0c71pyfldmkuyikxj92377w7cgd7l3lger6gz97qs.png\" title=\"SOSnum_email\" alt=\"SOSnum_email\" loading=\"lazy\" \/><\/figure><div class=\"elementor-image-box-content\"><h3 class=\"elementor-image-box-title\">Je dois \u00e9crire un courrier \u00e9lectronique, je commence par o\u00f9?<\/h3><\/div><\/div>\t\t\t\t<\/div>\n\t\t\t\t<\/div>\n\t\t\t\t\t<\/div>\n\t\t<\/div>\n\t\t\t\t\t<\/div>\n\t\t<\/section>\n\t\t\t\t<section class=\"elementor-section elementor-top-section elementor-element elementor-element-61511021 elementor-section-boxed elementor-section-height-default elementor-section-height-default\" data-id=\"61511021\" data-element_type=\"section\" data-e-type=\"section\">\n\t\t\t\t\t\t<div class=\"elementor-container elementor-column-gap-default\">\n\t\t\t\t\t<div class=\"elementor-column elementor-col-100 elementor-top-column elementor-element elementor-element-43e40c62\" data-id=\"43e40c62\" data-element_type=\"column\" data-e-type=\"column\">\n\t\t\t<div class=\"elementor-widget-wrap\">\n\t\t\t\t\t\t\t<\/div>\n\t\t<\/div>\n\t\t\t\t\t<\/div>\n\t\t<\/section>\n\t\t\t\t<section class=\"elementor-section elementor-top-section elementor-element elementor-element-64d2b063 elementor-section-height-min-height elementor-section-boxed elementor-section-height-default elementor-section-items-middle\" data-id=\"64d2b063\" data-element_type=\"section\" data-e-type=\"section\">\n\t\t\t\t\t\t<div class=\"elementor-container elementor-column-gap-default\">\n\t\t\t\t\t<div class=\"elementor-column elementor-col-100 elementor-top-column elementor-element elementor-element-7a823385\" data-id=\"7a823385\" data-element_type=\"column\" data-e-type=\"column\">\n\t\t\t<div class=\"elementor-widget-wrap elementor-element-populated\">\n\t\t\t\t\t\t<div class=\"elementor-element elementor-element-6e64067c elementor-grid-eael-col-4 elementor-grid-tablet-eael-col-2 elementor-grid-mobile-eael-col-1 elementor-widget elementor-widget-eael-post-grid\" data-id=\"6e64067c\" data-element_type=\"widget\" data-e-type=\"widget\" data-settings=\"{&quot;eael_post_grid_columns&quot;:&quot;eael-col-4&quot;,&quot;eael_post_grid_columns_tablet&quot;:&quot;eael-col-2&quot;,&quot;eael_post_grid_columns_mobile&quot;:&quot;eael-col-1&quot;}\" data-widget_type=\"eael-post-grid.default\">\n\t\t\t\t<div class=\"elementor-widget-container\">\n\t\t\t\t\t<div id=\"eael-post-grid-6e64067c\" class=\"eael-post-grid-container\">\n            <div class=\"eael-post-grid eael-post-appender eael-post-appender-6e64067c eael-post-grid-style-one\" data-layout-mode=\"masonry\"><article class=\"eael-grid-post  eael-post-grid-column eael-pg-post-815 category-email tags-ecrire-gsm-tablette-texte-traitement-de-texte-windows\" data-id=\"815\">\n        <div class=\"eael-grid-post-holder\">\n            <div class=\"eael-grid-post-holder-inner\"><div class=\"eael-entry-wrapper\"><header class=\"eael-entry-header\"><h2 class=\"eael-entry-title\"><a class=\"eael-grid-post-link\" href=\"https:\/\/www.rwlp.be\/sosnumerique\/email\/815\/\" title=\"Je veux \u00e9crire un texte sur mon appareil\">Je veux \u00e9crire un texte sur mon appareil<\/a><\/h2><\/header><div class=\"eael-entry-content\">\n                        <div class=\"eael-grid-post-excerpt\"><a href=\"https:\/\/www.rwlp.be\/sosnumerique\/email\/815\/\" class=\"eael-post-elements-readmore-btn\">Lire la ressource<\/a><\/div>\n                    <\/div><div class=\"eael-entry-footer\"><div class=\"eael-author-avatar\"><a href=\"https:\/\/www.rwlp.be\/sosnumerique\/author\/rwlp2021\/\"><\/a><\/div><div class=\"eael-entry-meta\"><\/div><\/div><\/div><\/div>\n        <\/div>\n    <\/article><article class=\"eael-grid-post  eael-post-grid-column eael-pg-post-188 category-email\" data-id=\"188\">\n        <div class=\"eael-grid-post-holder\">\n            <div class=\"eael-grid-post-holder-inner\"><div class=\"eael-entry-wrapper\"><header class=\"eael-entry-header\"><h2 class=\"eael-entry-title\"><a class=\"eael-grid-post-link\" href=\"https:\/\/www.rwlp.be\/sosnumerique\/email\/188\/\" title=\"Je veux \u00e9crire un courrier \u00e9lectronique\">Je veux \u00e9crire un courrier \u00e9lectronique<\/a><\/h2><\/header><div class=\"eael-entry-content\">\n                        <div class=\"eael-grid-post-excerpt\"><a href=\"https:\/\/www.rwlp.be\/sosnumerique\/email\/188\/\" class=\"eael-post-elements-readmore-btn\">Lire la ressource<\/a><\/div>\n                    <\/div><div class=\"eael-entry-footer\"><div class=\"eael-author-avatar\"><a href=\"https:\/\/www.rwlp.be\/sosnumerique\/author\/rwlp2021\/\"><\/a><\/div><div class=\"eael-entry-meta\"><\/div><\/div><\/div><\/div>\n        <\/div>\n    <\/article><\/div>\n            <div class=\"clearfix\"><\/div>\n        <\/div>\t\t\t\t<\/div>\n\t\t\t\t<\/div>\n\t\t\t\t<div class=\"elementor-element elementor-element-43f6758 elementor-widget elementor-widget-spacer\" data-id=\"43f6758\" data-element_type=\"widget\" data-e-type=\"widget\" data-widget_type=\"spacer.default\">\n\t\t\t\t<div class=\"elementor-widget-container\">\n\t\t\t\t\t\t\t<div class=\"elementor-spacer\">\n\t\t\t<div class=\"elementor-spacer-inner\"><\/div>\n\t\t<\/div>\n\t\t\t\t\t\t<\/div>\n\t\t\t\t<\/div>\n\t\t\t\t\t<\/div>\n\t\t<\/div>\n\t\t\t\t\t<\/div>\n\t\t<\/section>\n\t\t\t\t<\/div>\n\t\t","protected":false},"excerpt":{"rendered":"<p>Je dois \u00e9crire un courrier \u00e9lectronique, je commence par o\u00f9? Je dois \u00e9crire un courrier \u00e9lectronique, je commence par o\u00f9? En construction! Lire la ressource<\/p>\n","protected":false},"author":1,"featured_media":0,"parent":0,"menu_order":0,"comment_status":"closed","ping_status":"closed","template":"elementor_header_footer","meta":{"footnotes":""},"class_list":["post-532","page","type-page","status-publish","hentry"],"_links":{"self":[{"href":"https:\/\/www.rwlp.be\/sosnumerique\/wp-json\/wp\/v2\/pages\/532","targetHints":{"allow":["GET"]}}],"collection":[{"href":"https:\/\/www.rwlp.be\/sosnumerique\/wp-json\/wp\/v2\/pages"}],"about":[{"href":"https:\/\/www.rwlp.be\/sosnumerique\/wp-json\/wp\/v2\/types\/page"}],"author":[{"embeddable":true,"href":"https:\/\/www.rwlp.be\/sosnumerique\/wp-json\/wp\/v2\/users\/1"}],"replies":[{"embeddable":true,"href":"https:\/\/www.rwlp.be\/sosnumerique\/wp-json\/wp\/v2\/comments?post=532"}],"version-history":[{"count":10,"href":"https:\/\/www.rwlp.be\/sosnumerique\/wp-json\/wp\/v2\/pages\/532\/revisions"}],"predecessor-version":[{"id":663,"href":"https:\/\/www.rwlp.be\/sosnumerique\/wp-json\/wp\/v2\/pages\/532\/revisions\/663"}],"wp:attachment":[{"href":"https:\/\/www.rwlp.be\/sosnumerique\/wp-json\/wp\/v2\/media?parent=532"}],"curies":[{"name":"wp","href":"https:\/\/api.w.org\/{rel}","templated":true}]}}